{"id":318,"date":"2025-08-28T19:15:29","date_gmt":"2025-08-28T22:15:29","guid":{"rendered":"https:\/\/www.forestal.uach.cl\/postgrado\/?page_id=318"},"modified":"2026-03-09T11:43:16","modified_gmt":"2026-03-09T14:43:16","slug":"becas-y-beneficios","status":"publish","type":"page","link":"https:\/\/www.forestal.uach.cl\/postgrado\/becas-y-beneficios\/","title":{"rendered":"Becas y Beneficios"},"content":{"rendered":"\t\t<div data-elementor-type=\"wp-page\" data-elementor-id=\"318\" class=\"elementor elementor-318\" data-elementor-post-type=\"page\">\n\t\t\t\t<div class=\"elementor-element elementor-element-82df195 e-flex e-con-boxed e-con e-parent\" data-id=\"82df195\" data-element_type=\"container\">\n\t\t\t\t\t<div class=\"e-con-inner\">\n\t\t\t\t<div class=\"elementor-element elementor-element-164cd8b e-transform elementor-widget elementor-widget-image\" data-id=\"164cd8b\" data-element_type=\"widget\" data-settings=\"{&quot;_transform_scaleY_effect&quot;:{&quot;unit&quot;:&quot;px&quot;,&quot;size&quot;:0.7,&quot;sizes&quot;:[]},&quot;_transform_scaleX_effect&quot;:{&quot;unit&quot;:&quot;px&quot;,&quot;size&quot;:&quot;&quot;,&quot;sizes&quot;:[]},&quot;_transform_scaleX_effect_tablet&quot;:{&quot;unit&quot;:&quot;px&quot;,&quot;size&quot;:&quot;&quot;,&quot;sizes&quot;:[]},&quot;_transform_scaleX_effect_mobile&quot;:{&quot;unit&quot;:&quot;px&quot;,&quot;size&quot;:&quot;&quot;,&quot;sizes&quot;:[]},&quot;_transform_scaleY_effect_tablet&quot;:{&quot;unit&quot;:&quot;px&quot;,&quot;size&quot;:&quot;&quot;,&quot;sizes&quot;:[]},&quot;_transform_scaleY_effect_mobile&quot;:{&quot;unit&quot;:&quot;px&quot;,&quot;size&quot;:&quot;&quot;,&quot;sizes&quot;:[]}}\" data-widget_type=\"image.default\">\n\t\t\t\t\t\t\t\t\t\t\t\t\t\t\t<img fetchpriority=\"high\" decoding=\"async\" width=\"825\" height=\"550\" src=\"https:\/\/www.forestal.uach.cl\/postgrado\/wp-content\/uploads\/2025\/08\/arboles.jpeg\" class=\"attachment-large size-large wp-image-66\" alt=\"\" srcset=\"https:\/\/www.forestal.uach.cl\/postgrado\/wp-content\/uploads\/2025\/08\/arboles.jpeg 825w, https:\/\/www.forestal.uach.cl\/postgrado\/wp-content\/uploads\/2025\/08\/arboles-300x200.jpeg 300w, https:\/\/www.forestal.uach.cl\/postgrado\/wp-content\/uploads\/2025\/08\/arboles-768x512.jpeg 768w\" sizes=\"(max-width: 825px) 100vw, 825px\" \/>\t\t\t\t\t\t\t\t\t\t\t\t\t\t\t<\/div>\n\t\t\t\t\t<\/div>\n\t\t\t\t<\/div>\n\t\t<div class=\"elementor-element elementor-element-701e15f e-flex e-con-boxed e-con e-parent\" data-id=\"701e15f\" data-element_type=\"container\">\n\t\t\t\t\t<div class=\"e-con-inner\">\n\t\t\t\t<div class=\"elementor-element elementor-element-7d0a712 e-n-tabs-mobile elementor-widget elementor-widget-n-tabs\" data-id=\"7d0a712\" data-element_type=\"widget\" data-settings=\"{&quot;horizontal_scroll&quot;:&quot;disable&quot;}\" data-widget_type=\"nested-tabs.default\">\n\t\t\t\t\t\t\t<div class=\"e-n-tabs\" data-widget-number=\"131114770\" aria-label=\"Pesta\u00f1as. Abre elementos con Intro o Espacio, ci\u00e9rralos con Escape y navega con las fechas.\">\n\t\t\t<div class=\"e-n-tabs-heading\" role=\"tablist\">\n\t\t\t\t\t<button id=\"e-n-tab-title-1311147701\" class=\"e-n-tab-title\" aria-selected=\"true\" data-tab-index=\"1\" role=\"tab\" tabindex=\"0\" aria-controls=\"e-n-tab-content-1311147701\" style=\"--n-tabs-title-order: 1;\">\n\t\t\t\t\t\t<span class=\"e-n-tab-title-text\">\n\t\t\t\tBecas Internas\t\t\t<\/span>\n\t\t<\/button>\n\t\t\t\t<button id=\"e-n-tab-title-1311147702\" class=\"e-n-tab-title\" aria-selected=\"false\" data-tab-index=\"2\" role=\"tab\" tabindex=\"-1\" aria-controls=\"e-n-tab-content-1311147702\" style=\"--n-tabs-title-order: 2;\">\n\t\t\t\t\t\t<span class=\"e-n-tab-title-text\">\n\t\t\t\tBecas Nacionales\t\t\t<\/span>\n\t\t<\/button>\n\t\t\t\t<button id=\"e-n-tab-title-1311147703\" class=\"e-n-tab-title\" aria-selected=\"false\" data-tab-index=\"3\" role=\"tab\" tabindex=\"-1\" aria-controls=\"e-n-tab-content-1311147703\" style=\"--n-tabs-title-order: 3;\">\n\t\t\t\t\t\t<span class=\"e-n-tab-title-text\">\n\t\t\t\tDirecci\u00f3n de Postgrado UACh\t\t\t<\/span>\n\t\t<\/button>\n\t\t\t\t<button id=\"e-n-tab-title-1311147704\" class=\"e-n-tab-title\" aria-selected=\"false\" data-tab-index=\"4\" role=\"tab\" tabindex=\"-1\" aria-controls=\"e-n-tab-content-1311147704\" style=\"--n-tabs-title-order: 4;\">\n\t\t\t\t\t\t<span class=\"e-n-tab-title-text\">\n\t\t\t\tOtros Beneficios\t\t\t<\/span>\n\t\t<\/button>\n\t\t\t\t\t<\/div>\n\t\t\t<div class=\"e-n-tabs-content\">\n\t\t\t\t<div id=\"e-n-tab-content-1311147701\" role=\"tabpanel\" aria-labelledby=\"e-n-tab-title-1311147701\" data-tab-index=\"1\" style=\"--n-tabs-title-order: 1;\" class=\"e-active elementor-element elementor-element-5b10b68 e-con-full e-flex e-con e-child\" data-id=\"5b10b68\" data-element_type=\"container\">\n\t\t\t\t<div class=\"elementor-element elementor-element-520c763 elementor-widget elementor-widget-text-editor\" data-id=\"520c763\" data-element_type=\"widget\" data-widget_type=\"text-editor.default\">\n\t\t\t\t\t\t\t\t\t<p style=\"text-align: justify;\"><strong>Beca\u00a0Bosque<\/strong><br \/>Consiste en un descuento del 80% del arancel y se cuenta con dos becas. Acceder al beneficio implica apoyar la gesti\u00f3n de la revista\u00a0Bosque\u00a0un d\u00eda a la semana durante el a\u00f1o acad\u00e9mico (exceptuando los recesos y per\u00edodos de vacaciones, desde Abril a Marzo), o su equivalente.<\/p><p style=\"text-align: justify;\">La postulaci\u00f3n requiere el env\u00edo de una carta de intenci\u00f3n de m\u00e1ximo una p\u00e1gina la cual debe explicar el inter\u00e9s en apoyar el trabajo de la revista Bosque. A estos antecedentes se agregan desde Escuela aquellos antecedentes que fueron enviados a al momento de postular al programa. En el caso de vinculantes, se recomienda que se actualicen las notas y ranking con aquellos con que finalizaron los estudios de pregrado. En forma optativa, todos\/as quienes postulen pueden actualizar su CV.<\/p><p style=\"text-align: justify;\">En funci\u00f3n de los antecedentes se elaborar\u00e1 un ranking que sigue la misma pauta utilizada en la admisi\u00f3n del programa.<br \/>El listado de postulantes ordenado seg\u00fan ranking ser\u00e1 revisado por el editor de la revista\u00a0Bosque, quienes adem\u00e1s revisar\u00e1n la carta de intenci\u00f3n y podr\u00e1n realizar una entrevista a las personas pre-seleccionadas. La decisi\u00f3n final corresponder\u00e1 al equipo editorial de\u00a0Bosque.<\/p><p style=\"text-align: justify;\"><strong>Beca Escuela<\/strong><br \/>Consiste en un descuento del 40% del arancel y se cuenta con cuatro\u00a0becas<br \/>Acceder y mantener el beneficio implica presentar un avance adecuado en t\u00e9rminos del avance te\u00f3rico del programa (incluyendo asignaturas, defensa de proyecto de tesis, etc.).\u00a0<br \/>La postulaci\u00f3n requiere el env\u00edo de una carta breve solicitando el beneficio. A estos antecedentes se agrega desde Escuela aquellos antecedentes que fueron enviados al momento de postular al programa. En el caso de vinculantes, se recomienda que se actualicen las notas y ranking con aquellos con que finalizaron los estudios de pregrado. En forma optativa, todos\/as quienes postulen pueden actualizar su CV.<\/p><p style=\"text-align: justify;\">En funci\u00f3n de los antecedentes se elaborar\u00e1 un ranking que sigue la misma pauta utilizada en la admisi\u00f3n del programa. La asignaci\u00f3n final de becas se realizar\u00e1 conforme al ranking.\u00a0<\/p><p style=\"text-align: justify;\">Se puede postular a ambos beneficios, pero estos no son aditivos. Es decir, quien se asigne la\u00a0Beca\u00a0Bosque, no ser\u00e1 candidato\/a a la\u00a0beca\u00a0Escuela.<\/p><p style=\"text-align: justify;\"><strong>Aportes para Asistencia a Congresos y Pasant\u00edas<\/strong><br \/>La Escuela apoyar\u00e1 con un monto m\u00e1ximo de $200.000 la asistencia a congresos (monto anual) y con un monto m\u00e1ximo de $500.000 las estad\u00edas internacionales (una vez durante permanencia en programa). Los montos se revisar\u00e1n anualmente, y no son excluyentes de otros beneficios.<\/p><p style=\"text-align: justify;\">Para acceder a beneficios es necesario estar al d\u00eda en t\u00e9rminos de actividades. Esto implica, cursos aprobados para estudiantes de primer a\u00f1o del Mag\u00edster y de primer o segundo a\u00f1o del doctorado; proyecto de tesis para estudiantes de Mag\u00edster de segundo a\u00f1o y proyecto m\u00e1s examen de calificaci\u00f3n en el caso de doctorantes desde tercer a\u00f1o.<\/p><p style=\"text-align: justify;\">En el caso de haber transcurrido un a\u00f1o o m\u00e1s desde el examen de calificaci\u00f3n, es necesario contar con avances de tesis al d\u00eda. En caso de que no se haya realizado, se debe presentar carta del profesor patrocinante, con fecha programada de avances.<\/p><p style=\"text-align: justify;\">Los aportes ser\u00e1n otorgados a todas\/os quienes cumplan con los requisitos.<\/p>\t\t\t\t\t\t\t\t<\/div>\n\t\t\t\t<div class=\"elementor-element elementor-element-422843d elementor-align-center elementor-widget elementor-widget-button\" data-id=\"422843d\" data-element_type=\"widget\" data-widget_type=\"button.default\">\n\t\t\t\t\t\t\t\t\t\t<a class=\"elementor-button elementor-button-link elementor-size-sm\" href=\"https:\/\/anid.cl\/capital-humano-2\/becas-nacionales\/\">\n\t\t\t\t\t\t<span class=\"elementor-button-content-wrapper\">\n\t\t\t\t\t\t\t\t\t<span class=\"elementor-button-text\">Ver m\u00e1s sobre Becas Nacionales<\/span>\n\t\t\t\t\t<\/span>\n\t\t\t\t\t<\/a>\n\t\t\t\t\t\t\t\t<\/div>\n\t\t\t\t<\/div>\n\t\t<div id=\"e-n-tab-content-1311147702\" role=\"tabpanel\" aria-labelledby=\"e-n-tab-title-1311147702\" data-tab-index=\"2\" style=\"--n-tabs-title-order: 2;\" class=\" elementor-element elementor-element-7fc4ce2 e-con-full e-flex e-con e-child\" data-id=\"7fc4ce2\" data-element_type=\"container\">\n\t\t\t\t<div class=\"elementor-element elementor-element-980c10b elementor-widget elementor-widget-text-editor\" data-id=\"980c10b\" data-element_type=\"widget\" data-widget_type=\"text-editor.default\">\n\t\t\t\t\t\t\t\t\t<p>Con el prop\u00f3sito de dar a conocer, de manera transparente y en resguardo de los fondos p\u00fablicos, informaci\u00f3n sobre el estado y cumplimiento de las obligaciones de las becas para estudios en Chile, entregadas por la Agencia Nacional de Investigaci\u00f3n y Desarrollo, ponemos a disposici\u00f3n un registro actualizado de quienes han recibido este beneficio y la situaci\u00f3n en la que se encuentra su beca.<\/p><p>Las personas que se adjudican este beneficio corresponden a estudiantes de excelencia. Las y los becarios realizan su formaci\u00f3n, con el apoyo de la beca, con un marcado compromiso por aportar al desarrollo del pa\u00eds desde las distintas \u00e1reas del conocimiento.<\/p>\t\t\t\t\t\t\t\t<\/div>\n\t\t\t\t<div class=\"elementor-element elementor-element-ab6df69 elementor-align-center elementor-widget elementor-widget-button\" data-id=\"ab6df69\" data-element_type=\"widget\" data-widget_type=\"button.default\">\n\t\t\t\t\t\t\t\t\t\t<a class=\"elementor-button elementor-button-link elementor-size-sm\" href=\"https:\/\/anid.cl\/capital-humano-2\/becas-nacionales\/\">\n\t\t\t\t\t\t<span class=\"elementor-button-content-wrapper\">\n\t\t\t\t\t\t\t\t\t<span class=\"elementor-button-text\">Ver m\u00e1s sobre Becas Nacionales<\/span>\n\t\t\t\t\t<\/span>\n\t\t\t\t\t<\/a>\n\t\t\t\t\t\t\t\t<\/div>\n\t\t\t\t<\/div>\n\t\t<div id=\"e-n-tab-content-1311147703\" role=\"tabpanel\" aria-labelledby=\"e-n-tab-title-1311147703\" data-tab-index=\"3\" style=\"--n-tabs-title-order: 3;\" class=\" elementor-element elementor-element-3ad3a43 e-con-full e-flex e-con e-child\" data-id=\"3ad3a43\" data-element_type=\"container\">\n\t\t\t\t<div class=\"elementor-element elementor-element-2d6745c elementor-widget elementor-widget-text-editor\" data-id=\"2d6745c\" data-element_type=\"widget\" data-widget_type=\"text-editor.default\">\n\t\t\t\t\t\t\t\t\t<p>La Direcci\u00f3n de Estudios de Postgrado dispone de un n\u00famero limitado de becas y beneficios complementarios para los estudiantes inscritos como alumnos regulares de los programas de la instituci\u00f3n. A las becas se accede mediante concurso interno en convocatorias semestrales.\u00a0\u00a0<\/p><p><strong>Beca de Asistentes Acad\u00e9micos<\/strong>: Dirigida a estudiantes de mag\u00edster y doctorado con matr\u00edcula vigente, que hayan aprobado, al menos, un semestre en su programa en calidad de alumno regular de postgrado y cuya permanencia en el mismo no exceda a un semestre adicional a la duraci\u00f3n del programa. La beca consistir\u00e1 en el financiamiento de una parte del arancel semestral del programa por un monto de $800.000 (ochocientos mil pesos). El\/la estudiante que resulte beneficario\/a de esta deber\u00e1 dedicar 11 horas semanales a apoyo en docencia o en proyectos de investigaci\u00f3n o de vinculaci\u00f3n con el medio.\u00a0<a href=\"https:\/\/uach.cl\/uach\/_file\/bases-beca-asistentes-academicos-2do-sem-2025-68a5fef52cbe2.pdf\">Bases 2do semestre 2025<\/a>\u00a0|\u00a0<strong>Postulaciones abiertas:\u00a0<\/strong>\u00a0hasta el lunes 1 de septiembre de 2025\u00a0 v\u00eda\u00a0<a href=\"https:\/\/secure02.uach.cl\/infoalumnos\/CheqLogin.aspx?pagina=principal.aspx\" target=\"_blank\" rel=\"noopener\" data-saferedirecturl=\"https:\/\/www.google.com\/url?q=https:\/\/secure02.uach.cl\/infoalumnos\/CheqLogin.aspx?pagina%3Dprincipal.aspx&amp;source=gmail&amp;ust=1679584239495000&amp;usg=AOvVaw03ctguBaGcbU9ML5s3yiML\">InfoAlumnos<\/a>.<\/p><p><strong>Beca de arancel para estudiantes de doctorado<\/strong>: Dirigida a estudiantes que inician sus estudios en un programa de doctorado de la universidad. La beca consistir\u00e1 en el financiamiento de una parte del arancel semestral del programa por un monto de $1.200.000 (un mill\u00f3n doscientos mil pesos), renovable por un semestre.\u00a0<a href=\"https:\/\/uach.cl\/uach\/_file\/bases-beca-arancel-de-doctorado-2do-sem-2025-68a603f43b05f.pdf\">Bases 2do semestre 2025<\/a>\u00a0|\u00a0<strong>Postulaciones abiertas:\u00a0<\/strong>\u00a0hasta el lunes 1 de septiembre de 2025\u00a0 v\u00eda\u00a0<a href=\"https:\/\/secure02.uach.cl\/infoalumnos\/CheqLogin.aspx?pagina=principal.aspx\" target=\"_blank\" rel=\"noopener\" data-saferedirecturl=\"https:\/\/www.google.com\/url?q=https:\/\/secure02.uach.cl\/infoalumnos\/CheqLogin.aspx?pagina%3Dprincipal.aspx&amp;source=gmail&amp;ust=1679584239495000&amp;usg=AOvVaw03ctguBaGcbU9ML5s3yiML\">InfoAlumnos<\/a>.<\/p><p><strong>Beca de Graduaci\u00f3n Oportuna<\/strong>: Dirigida a estudiantes de doctorado y mag\u00edster con matr\u00edcula vigente, proyecto de tesis o actividad equivalente aprobado, pertenecientes a las cohortes de ingreso indicadas en las bases y viabilidad efectiva\u00a0de rendici\u00f3n del Examen de Grado en el periodo de graduaci\u00f3n oportuna (definido en las bases del concurso). El beneficio consistir\u00e1 en una asignaci\u00f3n \u00fanica de $1.000.000 (un mill\u00f3n de pesos) ejecutada\u00a0en dos pagos.\u00a0<a href=\"https:\/\/uach.cl\/uach\/_file\/bases-beca-de-graduacion-oportuna-2025-684376f9e9944.pdf\">Bases y Formulario de Postulaci\u00f3n convocatoria 2025<\/a>\u00a0|\u00a0<strong>Periodo de postulaci\u00f3n 2025<\/strong>: 4 de junio al 4 de julio de 2025.<\/p><p><strong>Subsidios para asistencia a congresos\u00a0nacionales e internacionales<\/strong>: financia la participaci\u00f3n y asistencia a eventos de car\u00e1cter cient\u00edfico realizados en Chile o el extranjero.\u00a0<a href=\"https:\/\/uach.cl\/uach\/_file\/bases-y-formulario-subsidios-para-asistencia-a-congresos-2025-68ae0295b9e46.pdf\">Bases y formulario de postulaci\u00f3n &#8211; convocatoria 2025<\/a>. Convocatoria 2025: postulaci\u00f3n continua en ventanilla abierta.\u00a0<\/p><p><strong>Becas para Proyectos de Tesis de Postgrado VIDCA-DPOST<\/strong>: Otorgada por la Vicerrector\u00eda de Investigaci\u00f3n, Desarrollo y Creaci\u00f3n Art\u00edstica (VIDCA) y la Direcci\u00f3n de Estudios de Postgrado (DPOST), esta beca est\u00e1 dirigida a estudiantes de doctorado y de mag\u00edster, con Proyecto de Tesis o Examen de Calificaci\u00f3n aprobado, seg\u00fan corresponda. La beca otorga financiamiento para los gastos operacionales del\u00a0proyecto de investigaci\u00f3n, con un monto tope de hasta $2.000.000 (dos millones de pesos) en el caso de doctorado y de hasta $1.500.000 (un mill\u00f3n quinientos mil pesos) en el caso de mag\u00edster.\u00a0\u00a0<a href=\"https:\/\/vidca.uach.cl\/wp-content\/uploads\/sites\/7\/2022\/09\/Bases-Becas-Tesis-Postgrado-VIDCA-DEPOST-2022.pdf\">Bases convocatoria\u00a02022<\/a>\u00a0\u00a0<\/p><p><strong>Becas para Proyectos de\u00a0Tesis de Postgrado en Innovaci\u00f3n y Desarrollo<\/strong>:\u00a0Convocada por el Departamento de\u00a0Innovaci\u00f3n y Desarrollo de la VIDCA y la Direcci\u00f3n de Estudios de Postgrado en el marco del proyecto InES I+D UACh \u201cFortalecimiento de las capacidades de I+D para el Desarrollo de la Macrozona Sur Austral\u201d. El concurso est\u00e1 dirigido a estudiantes de doctorado y mag\u00edster con proyecto de tesis aprobado, El beneficio consistir\u00e1 en el financiamiento del proyecto de investigaci\u00f3n por un monto de $2.000.000 (dos millones de pesos) y una duraci\u00f3n de dos a\u00f1os en el caso de doctorado y $1.500.000 (un mill\u00f3n quinientos mil pesos) y una duraci\u00f3n de un a\u00f1o en el caso de mag\u00edster.\u00a0<a href=\"https:\/\/vidca.uach.cl\/beca-proyecto-tesis-de-postgrado-desarrollo-e-innovacion\/\">Bases convocatoria 2022<\/a>\u00a0<\/p>\t\t\t\t\t\t\t\t<\/div>\n\t\t\t\t<div class=\"elementor-element elementor-element-22c32c9 elementor-align-center elementor-widget elementor-widget-button\" data-id=\"22c32c9\" data-element_type=\"widget\" data-widget_type=\"button.default\">\n\t\t\t\t\t\t\t\t\t\t<a class=\"elementor-button elementor-button-link elementor-size-sm\" href=\"https:\/\/www.uach.cl\/postgrado\/principal\/becas\">\n\t\t\t\t\t\t<span class=\"elementor-button-content-wrapper\">\n\t\t\t\t\t\t\t\t\t<span class=\"elementor-button-text\">Ver m\u00e1s sobre Becas UACh<\/span>\n\t\t\t\t\t<\/span>\n\t\t\t\t\t<\/a>\n\t\t\t\t\t\t\t\t<\/div>\n\t\t\t\t<\/div>\n\t\t<div id=\"e-n-tab-content-1311147704\" role=\"tabpanel\" aria-labelledby=\"e-n-tab-title-1311147704\" data-tab-index=\"4\" style=\"--n-tabs-title-order: 4;\" class=\" elementor-element elementor-element-c771474 e-con-full e-flex e-con e-child\" data-id=\"c771474\" data-element_type=\"container\">\n\t\t\t\t<div class=\"elementor-element elementor-element-72dd93c elementor-widget elementor-widget-text-editor\" data-id=\"72dd93c\" data-element_type=\"widget\" data-widget_type=\"text-editor.default\">\n\t\t\t\t\t\t\t\t\t<p style=\"text-align: justify;\"><strong>Beca de Alimentaci\u00f3n<\/strong>: Consiste en un almuerzo de lunes a viernes en los casinos institucionales, destinada a estudiantes regulares que no cuenten con becas de mantenci\u00f3n\u00a0y cuyo domicilio familiar sea distinto a la ciudad donde estudia.\u00a0<b>\u00a0<\/b><a href=\"https:\/\/secure02.uach.cl\/infoalumnos\/CheqLogin.aspx?pagina=principal.aspx\">InfoAlumnos<\/a>.\u00a0<\/p><p style=\"text-align: justify;\"><strong>Sala Cuna<\/strong>: Beneficio con cupos limitados (dos vacantes anuales en el nivel sala cuna menor), para hijos o hijas de estudiantes madres o padres, a partir de los tres meses. Este beneficio se otorga en convenio con la Fundaci\u00f3n Integra. |\u00a0<a href=\"https:\/\/www.uach.cl\/uach\/_file\/criterios-y-protocolo-sala-cuna-5ce700777f1a2.pdf\">Criterios de selecci\u00f3n y protocolo de postulaci\u00f3n<\/a><\/p><p style=\"text-align: justify;\"><strong>Cobertura de Salud<\/strong>: Acceso a todas las prestaciones de atenci\u00f3n primaria ambulatoria en el Centro de Salud Universitario (CESU). Incluye servicios de atenci\u00f3n primaria en medicina general, traumatolog\u00eda, ginecolog\u00eda, kinesiolog\u00eda, psicolog\u00eda, atenci\u00f3n obst\u00e9trica, enfermer\u00eda y psiquiatr\u00eda (lunes a viernes, con consultas preferenciales para estudiantes de postgrado\u00a0por las ma\u00f1anas). Adem\u00e1s, se dispone de atenci\u00f3n odontol\u00f3gica de nivel primario y general (s\u00f3lo d\u00edas viernes) y de un almac\u00e9n farmacol\u00f3gico b\u00e1sico con valores a precio de costo. El valor de las prestaciones es sin costo para estudiantes que cuentan con previsi\u00f3n propia (Fonasa o Isapres en convenio con CESU) y de un sistema de aranceles m\u00ednimos para estudiantes sin previsi\u00f3n. |\u00a0<a href=\"https:\/\/daeuach.cl\/salud\/#cesu\">Informaci\u00f3n adicional<\/a><\/p><p style=\"text-align: justify;\"><strong>Seguro de Accidente Escolar<\/strong>: Seguro\u00a0otorgado por el Estado a estudiantes con matr\u00edcula vigente en la universidad.\u00a0Cubre\u00a0los gastos de atenci\u00f3n m\u00e9dica\u00a0(s\u00f3lo en establecimientos p\u00fablicos del Servicio Nacional de Salud) por accidentes ocurridos en actividades propias del o la estudiante en los campus universitarios, en el trayecto hacia o desde los campus o en actividades acad\u00e9micas realizadas fuera de los campus (salidas a terreno, giras, pr\u00e1cticas profesionales, trabajos\u00a0de campo, otros) previamente notificadas y formalizadas por la unidad responsable en la Direcci\u00f3n de Asuntos Estudiantiles.\u00a0<a href=\"https:\/\/www.uach.cl\/uach\/_file\/instructivo-seguro-accidente-escolar-para-postgrado-2021-611db16225f6c.pdf\">Instructivo 2021 para estudiantes de postgrado<\/a>\u00a0|\u00a0<a href=\"https:\/\/www.uach.cl\/uach\/_file\/formulario-0374-3-seguro-de-accidente-escolar-5d2920d963200.pdf\">Formulario\u00a00374-3: Declaraci\u00f3n de Accidente Escolar<\/a>\u00a0[ejemplar de muestra: el original ser\u00e1 entregado a quienes lo soliciten seg\u00fan el procedimiento indicado en el\u00a0<a href=\"https:\/\/www.uach.cl\/uach\/_file\/instructivo-seguro-accidente-escolar-para-postgrado-2021-611db16225f6c.pdf\">instructivo<\/a>]\u00a0<\/p><p style=\"text-align: justify;\"><strong>Tarjeta Nacional Estudiantil (TNE)<\/strong>: Pase escolar\u00a0que acredita la calidad de estudiante regular de postgrado y que hace efectivo el beneficio de rebaja en el pago de tarifa en los servicios de locomoci\u00f3n colectiva.\u00a0La TNE\u00a0es\u00a0administrada por la Junta Nacional de Auxilio Escolar y Becas (JUNAEB). Pueden acceder a este beneficio\u00a0los estudiantes regulares de doctorado o de mag\u00edster que satisfacen los criterios del Oficio 1268 (2010) de la JUNAEB.\u00a0<a href=\"https:\/\/www.uach.cl\/uach\/_file\/tne-postgrado-2019-5d4a0b554b774.pdf\">Proceso TNE 2019<\/a>.\u00a0 Encargado TNE UACh: Alexis Valdebenito, Oficina 10, Direcci\u00f3n de Asuntos Estudiantiles, Campus Isla Teja. |\u00a0<a href=\"https:\/\/www.tne.cl\/\">www.tne.cl<\/a><\/p>\t\t\t\t\t\t\t\t<\/div>\n\t\t\t\t<\/div>\n\t\t\t\t\t<\/div>\n\t\t<\/div>\n\t\t\t\t\t\t<\/div>\n\t\t\t\t\t<\/div>\n\t\t\t\t<\/div>\n\t\t\t\t<\/div>\n\t\t","protected":false},"excerpt":{"rendered":"<p>Becas Internas Becas Nacionales Direcci\u00f3n de Postgrado UACh Otros Beneficios Beca\u00a0BosqueConsiste en un descuento del 80% del arancel y se [&hellip;]<\/p>\n","protected":false},"author":1,"featured_media":0,"parent":0,"menu_order":0,"comment_status":"closed","ping_status":"closed","template":"elementor_header_footer","meta":{"site-sidebar-layout":"default","site-content-layout":"","ast-site-content-layout":"default","site-content-style":"default","site-sidebar-style":"default","ast-global-header-display":"","ast-banner-title-visibility":"","ast-main-header-display":"","ast-hfb-above-header-display":"","ast-hfb-below-header-display":"","ast-hfb-mobile-header-display":"","site-post-title":"disabled","ast-breadcrumbs-content":"","ast-featured-img":"","footer-sml-layout":"","theme-transparent-header-meta":"","adv-header-id-meta":"","stick-header-meta":"","header-above-stick-meta":"","header-main-stick-meta":"","header-below-stick-meta":"","astra-migrate-meta-layouts":"default","ast-page-background-enabled":"default","ast-page-background-meta":{"desktop":{"background-color":"var(--ast-global-color-5)","background-image":"","background-repeat":"repeat","background-position":"center center","background-size":"auto","background-attachment":"scroll","background-type":"","background-media":"","overlay-type":"","overlay-color":"","overlay-opacity":"","overlay-gradient":""},"tablet":{"background-color":"","background-image":"","background-repeat":"repeat","background-position":"center center","background-size":"auto","background-attachment":"scroll","background-type":"","background-media":"","overlay-type":"","overlay-color":"","overlay-opacity":"","overlay-gradient":""},"mobile":{"background-color":"","background-image":"","background-repeat":"repeat","background-position":"center center","background-size":"auto","background-attachment":"scroll","background-type":"","background-media":"","overlay-type":"","overlay-color":"","overlay-opacity":"","overlay-gradient":""}},"ast-content-background-meta":{"desktop":{"background-color":"var(--ast-global-color-4)","background-image":"","background-repeat":"repeat","background-position":"center center","background-size":"auto","background-attachment":"scroll","background-type":"","background-media":"","overlay-type":"","overlay-color":"","overlay-opacity":"","overlay-gradient":""},"tablet":{"background-color":"var(--ast-global-color-4)","background-image":"","background-repeat":"repeat","background-position":"center center","background-size":"auto","background-attachment":"scroll","background-type":"","background-media":"","overlay-type":"","overlay-color":"","overlay-opacity":"","overlay-gradient":""},"mobile":{"background-color":"var(--ast-global-color-4)","background-image":"","background-repeat":"repeat","background-position":"center center","background-size":"auto","background-attachment":"scroll","background-type":"","background-media":"","overlay-type":"","overlay-color":"","overlay-opacity":"","overlay-gradient":""}},"footnotes":""},"wf_page_folders":[3],"class_list":["post-318","page","type-page","status-publish","hentry"],"_links":{"self":[{"href":"https:\/\/www.forestal.uach.cl\/postgrado\/wp-json\/wp\/v2\/pages\/318","targetHints":{"allow":["GET"]}}],"collection":[{"href":"https:\/\/www.forestal.uach.cl\/postgrado\/wp-json\/wp\/v2\/pages"}],"about":[{"href":"https:\/\/www.forestal.uach.cl\/postgrado\/wp-json\/wp\/v2\/types\/page"}],"author":[{"embeddable":true,"href":"https:\/\/www.forestal.uach.cl\/postgrado\/wp-json\/wp\/v2\/users\/1"}],"replies":[{"embeddable":true,"href":"https:\/\/www.forestal.uach.cl\/postgrado\/wp-json\/wp\/v2\/comments?post=318"}],"version-history":[{"count":22,"href":"https:\/\/www.forestal.uach.cl\/postgrado\/wp-json\/wp\/v2\/pages\/318\/revisions"}],"predecessor-version":[{"id":1040,"href":"https:\/\/www.forestal.uach.cl\/postgrado\/wp-json\/wp\/v2\/pages\/318\/revisions\/1040"}],"wp:attachment":[{"href":"https:\/\/www.forestal.uach.cl\/postgrado\/wp-json\/wp\/v2\/media?parent=318"}],"wp:term":[{"taxonomy":"wf_page_folders","embeddable":true,"href":"https:\/\/www.forestal.uach.cl\/postgrado\/wp-json\/wp\/v2\/wf_page_folders?post=318"}],"curies":[{"name":"wp","href":"https:\/\/api.w.org\/{rel}","templated":true}]}}